{"id":2058,"date":"2026-02-28T22:51:06","date_gmt":"2026-02-28T21:51:06","guid":{"rendered":"https:\/\/www.schachbezirk-nord.de\/?page_id=2058"},"modified":"2026-03-23T22:36:43","modified_gmt":"2026-03-23T21:36:43","slug":"leckfebruar2026","status":"publish","type":"page","link":"https:\/\/www.schachbezirk-nord.de\/?page_id=2058","title":{"rendered":"LeckFebruar2026"},"content":{"rendered":"\n<h3 class=\"gpheader\">Der Spieltag<\/h3>\n\n\n\n<p class=\"gpbericht\">Am Sonnabend, den 28. Februar, trug Henning G\u00f6mer f\u00fcr den MTV Leck als Gastgeber die zweite Runde des Jugendgrandprix\u2019 aus. Dieses Mal nahmen auch Spieler aus Nieb\u00fcll und Tondern teil, so dass insgesamt 20 Nachwuchs\u201eschacherinnen\u201c und -\u201eschacher\u201c zusammenkamen, von denen immerhin sieben \u201eWiederholungst\u00e4ter\u201c waren. Zahlenm\u00e4\u00dfig war die Klasse der U10 besonders stark vertreten.<br>Einen Start-Ziel-Sieg legte der Lecker Pascal hin, der seine Routine aus seinen regelm\u00e4\u00dfigen Eins\u00e4tzen in der zweiten Herrenmannschaft des MTV voll aufs Brett bringen konnte und alle seine sieben Partien gewann. Er gewann damit auch die Klasse der 14-j\u00e4hrigen. <br>Ihm stark auf den Fersen blieb bis zum Schluss der Tonderaner U10-Spieler Mikkel, der ihr direktes Duell in der dritten Runde knapp verlor. Diese blieb seine einzige Niederlage, so dass er auf sechs Punkte kam. <br>Das weitere Verfolgerfeld war ausgeglichener und die Spiele umk\u00e4mpfter, so dass der Tonderaner Jonas als Dritter und Gewinner der U12 mit seinen erreichten 4,5 Punkten schon 2,5 Punkten Abstand auf Pascal aufwies. <br>Als bester Lindholmer Vertreter und Gewinner der U8 kam Len, der Sieger des T\u00f6nninger GPs, mit 4 Punkten als Gesamtf\u00fcnfter ins Ziel, Bjarne, der beste T\u00f6nninger und Gewinner der U16, war punktgleich mit Len, wies aber die leicht schlechtere Feinwertung auf. Beste der M-Klasse wurde die f\u00fcr den MTV Leck startende Ronja. <br>Vielen Spielerinnen und Spielern merkte man eine gewonnene Routine im Vergleich zum ersten GP-Turnier an, so dass es nur noch zu einem erfolgreich angewandten Sch\u00e4fermatt kam, obwohl das sogar schon abgewehrt schien. Aber, wie sagt es doch ein grammatikalisch \u00e4u\u00dferst gewagter Sinnspruch so treffend: \u201eAnhalten tut kriegen\u201c \u2013 geduldig wartend konnte in dieser Partie der schachmattsetzende Einschlag mit der Dame auf f7 aus einer f\u00fcr das Sch\u00e4fermatt eher untypischen Er\u00f6ffnungsvariante angebracht werden. <br>Ansonsten gab es nur sieben mehr oder weniger friedliche Punkteteilungen, die allesamt aus Pattsetzungen erfolgten, alle anderen Partien wurden entschieden, eine sogar durch Zeit\u00fcberschreitung \u2013 w\u00e4hrend in den \u00fcbrigen Partien eine \u00fcberm\u00e4\u00dfige zeitliche Zuwendung zu ausgef\u00fchrten Z\u00fcgen eher unterblieb. <br>Der MTV Leck, durch jahrzehntelangen Ligenbetrieb reich an Catering- und Bek\u00f6stigungserfahrung, lie\u00df sich nicht lumpen und bot in Gestalt ihres Jugendwarts neben dem hyggeligen Spielsaal auch Verpflegung an, so dass die eine oder andere schmerzliche Niederlage gewisserma\u00dfen weggenascht werden konnte. <br>Wie schon im ersten Turnier verwaltete wieder der routinierte T\u00f6nninger Jugendwart, Georg Klepp, gem\u00e4\u00df dem Motto \u201enever change a routinierten Turnierorganisator\u201c den Turnierablauf.<br><br>Die dritte Runde des GP wird am 21. M\u00e4rz in Lindholm ausgetragen werden.<br><br>Bericht:<br>Michael Neumann<\/p>\n\n\n\n<h1 style=\"text-align: center;\"><strong>Die Tabelle nach 7 Runden<\/strong><\/h1>\n\n\n\n<TABLE id=\"rang-leck\" class=\"rang-turniertag\">\n\n<THEAD>\n\n<TR >\n<TH>Rang<\/TH>\n<TH>Teilnehmer<\/TH>\n<TH>WK<\/TH>\n<TH><\/TH>\n<TH>G<\/TH>\n<TH>S<\/TH>\n<TH>R<\/TH>\n<TH>V<\/TH>\n<TH>Punkte<\/TH>\n<TH>Buchh<\/TH>\n<\/TR>\n\n<\/THEAD>\n\n<TBODY>\n<TR >\n<TD>1<\/TD>\n<TD>Pascal<\/TD>\n<TD>U14<\/TD>\n<TD>m<\/TD>\n<TD>7<\/TD>\n<TD>7<\/TD>\n<TD>0<\/TD>\n<TD>0<\/TD>\n<TD>7.0<\/TD>\n<TD>28.5<\/TD>\n<\/TR>\n\n<TR >\n<TD>2<\/TD>\n<TD>Mikkel<\/TD>\n<TD>U10<\/TD>\n<TD>m<\/TD>\n<TD>7<\/TD>\n<TD>6<\/TD>\n<TD>0<\/TD>\n<TD>1<\/TD>\n<TD>6.0<\/TD>\n<TD>28.0<\/TD>\n<\/TR>\n\n<TR >\n<TD>3<\/TD>\n<TD>Jonas<\/TD>\n<TD>U12<\/TD>\n<TD>m<\/TD>\n<TD>7<\/TD>\n<TD>4<\/TD>\n<TD>1<\/TD>\n<TD>2<\/TD>\n<TD>4.5<\/TD>\n<TD>27.5<\/TD>\n<\/TR>\n\n<TR >\n<TD>4<\/TD>\n<TD>Robert<\/TD>\n<TD>U10<\/TD>\n<TD>m<\/TD>\n<TD>7<\/TD>\n<TD>4<\/TD>\n<TD>1<\/TD>\n<TD>2<\/TD>\n<TD>4.5<\/TD>\n<TD>25.5<\/TD>\n<\/TR>\n\n<TR >\n<TD>5<\/TD>\n<TD>Len<\/TD>\n<TD>U8<\/TD>\n<TD>m<\/TD>\n<TD>7<\/TD>\n<TD>4<\/TD>\n<TD>0<\/TD>\n<TD>3<\/TD>\n<TD>4.0<\/TD>\n<TD>32.0<\/TD>\n<\/TR>\n\n<TR >\n<TD>6<\/TD>\n<TD>Bjarne<\/TD>\n<TD>U16<\/TD>\n<TD>m<\/TD>\n<TD>7<\/TD>\n<TD>4<\/TD>\n<TD>0<\/TD>\n<TD>3<\/TD>\n<TD>4.0<\/TD>\n<TD>26.5<\/TD>\n<\/TR>\n\n<TR >\n<TD>7<\/TD>\n<TD>Lean<\/TD>\n<TD>U12<\/TD>\n<TD>m<\/TD>\n<TD>7<\/TD>\n<TD>4<\/TD>\n<TD>0<\/TD>\n<TD>3<\/TD>\n<TD>4.0<\/TD>\n<TD>25.0<\/TD>\n<\/TR>\n\n<TR >\n<TD>8<\/TD>\n<TD>Ben&nbsp;R<\/TD>\n<TD>U14<\/TD>\n<TD>m<\/TD>\n<TD>7<\/TD>\n<TD>4<\/TD>\n<TD>0<\/TD>\n<TD>3<\/TD>\n<TD>4.0<\/TD>\n<TD>23.0<\/TD>\n<\/TR>\n\n<TR >\n<TD>9<\/TD>\n<TD>Klas<\/TD>\n<TD>U10<\/TD>\n<TD>m<\/TD>\n<TD>7<\/TD>\n<TD>4<\/TD>\n<TD>0<\/TD>\n<TD>3<\/TD>\n<TD>4.0<\/TD>\n<TD>23.0<\/TD>\n<\/TR>\n\n<TR >\n<TD>10<\/TD>\n<TD>Elias<\/TD>\n<TD>U12<\/TD>\n<TD>m<\/TD>\n<TD>7<\/TD>\n<TD>3<\/TD>\n<TD>1<\/TD>\n<TD>3<\/TD>\n<TD>3.5<\/TD>\n<TD>32.0<\/TD>\n<\/TR>\n\n<TR >\n<TD>11<\/TD>\n<TD>Ronja<\/TD>\n<TD>U16<\/TD>\n<TD>w<\/TD>\n<TD>7<\/TD>\n<TD>3<\/TD>\n<TD>1<\/TD>\n<TD>3<\/TD>\n<TD>3.5<\/TD>\n<TD>27.5<\/TD>\n<\/TR>\n\n<TR >\n<TD>12<\/TD>\n<TD>Ben&nbsp;C<\/TD>\n<TD>U10<\/TD>\n<TD>m<\/TD>\n<TD>7<\/TD>\n<TD>3<\/TD>\n<TD>0<\/TD>\n<TD>4<\/TD>\n<TD>3.0<\/TD>\n<TD>31.5<\/TD>\n<\/TR>\n\n<TR >\n<TD>13<\/TD>\n<TD>Maksim<\/TD>\n<TD>U12<\/TD>\n<TD>m<\/TD>\n<TD>7<\/TD>\n<TD>3<\/TD>\n<TD>0<\/TD>\n<TD>4<\/TD>\n<TD>3.0<\/TD>\n<TD>23.5<\/TD>\n<\/TR>\n\n<TR >\n<TD>14<\/TD>\n<TD>Lennox<\/TD>\n<TD>U8<\/TD>\n<TD>m<\/TD>\n<TD>7<\/TD>\n<TD>3<\/TD>\n<TD>0<\/TD>\n<TD>4<\/TD>\n<TD>3.0<\/TD>\n<TD>22.5<\/TD>\n<\/TR>\n\n<TR >\n<TD>15<\/TD>\n<TD>Marie<\/TD>\n<TD>U10<\/TD>\n<TD>w<\/TD>\n<TD>7<\/TD>\n<TD>2<\/TD>\n<TD>1<\/TD>\n<TD>4<\/TD>\n<TD>2.5<\/TD>\n<TD>22.5<\/TD>\n<\/TR>\n\n<TR >\n<TD>16<\/TD>\n<TD>Emil<\/TD>\n<TD>U8<\/TD>\n<TD>m<\/TD>\n<TD>7<\/TD>\n<TD>2<\/TD>\n<TD>1<\/TD>\n<TD>4<\/TD>\n<TD>2.5<\/TD>\n<TD>18.0<\/TD>\n<\/TR>\n\n<TR >\n<TD>17<\/TD>\n<TD>Jack<\/TD>\n<TD>U10<\/TD>\n<TD>m<\/TD>\n<TD>7<\/TD>\n<TD>1<\/TD>\n<TD>3<\/TD>\n<TD>3<\/TD>\n<TD>2.5<\/TD>\n<TD>16.5<\/TD>\n<\/TR>\n\n<TR >\n<TD>18<\/TD>\n<TD>Max<\/TD>\n<TD>U10<\/TD>\n<TD>m<\/TD>\n<TD>7<\/TD>\n<TD>1<\/TD>\n<TD>2<\/TD>\n<TD>4<\/TD>\n<TD>2.0<\/TD>\n<TD>19.5<\/TD>\n<\/TR>\n\n<TR >\n<TD>19<\/TD>\n<TD>Lotta<\/TD>\n<TD>U10<\/TD>\n<TD>w<\/TD>\n<TD>7<\/TD>\n<TD>1<\/TD>\n<TD>1<\/TD>\n<TD>5<\/TD>\n<TD>1.5<\/TD>\n<TD>18.5<\/TD>\n<\/TR>\n\n<TR >\n<TD>20<\/TD>\n<TD>Dalina<\/TD>\n<TD>U10<\/TD>\n<TD>w<\/TD>\n<TD>7<\/TD>\n<TD>0<\/TD>\n<TD>2<\/TD>\n<TD>5<\/TD>\n<TD>1.0<\/TD>\n<TD>19.0<\/TD>\n<\/TR>\n\n<\/TBODY>\n<\/TABLE>\n\n\n\n<h1>&nbsp;<\/h1>\n<h1 style=\"text-align: center;\">Einzelergebnisse<\/h1>\n\n\n\n<details class=\"wp-block-details is-layout-flow wp-block-details-is-layout-flow\"><summary>1. Runde<\/summary>\n<TABLE id=\"runde1-leck\" class=\"einzelergebnisse\">\n<THEAD>\n<TR ><TH>TNr<\/TH><TH>Teilnehmer<\/TH><TH>&#8211;<\/TH><TH>TNr<\/TH><TH>Teilnehmer<\/TH><TH>Ergebnis<\/TH><\/TR>\n<\/THEAD>\n<TBODY>\n<TR ><TD>11<\/TD><TD>Ben&nbsp;R<\/TD><TD>&#8211;<\/TD><TD>1<\/TD><TD>Robert<\/TD><TD>0&nbsp;&#8211;&nbsp;1<\/TD><\/TR>\n<TR ><TD>2<\/TD><TD>Emil<\/TD><TD>&#8211;<\/TD><TD>12<\/TD><TD>Marie<\/TD><TD>0&nbsp;&#8211;&nbsp;1<\/TD><\/TR>\n<TR ><TD>13<\/TD><TD>Max<\/TD><TD>&#8211;<\/TD><TD>3<\/TD><TD>Ben&nbsp;C<\/TD><TD>0&nbsp;&#8211;&nbsp;1<\/TD><\/TR>\n<TR ><TD>4<\/TD><TD>Maksim<\/TD><TD>&#8211;<\/TD><TD>14<\/TD><TD>Jack<\/TD><TD>1&nbsp;&#8211;&nbsp;0<\/TD><\/TR>\n<TR ><TD>15<\/TD><TD>Len<\/TD><TD>&#8211;<\/TD><TD>5<\/TD><TD>Mikkel<\/TD><TD>0&nbsp;&#8211;&nbsp;1<\/TD><\/TR>\n<TR ><TD>6<\/TD><TD>Jonas<\/TD><TD>&#8211;<\/TD><TD>16<\/TD><TD>Lennox<\/TD><TD>1&nbsp;&#8211;&nbsp;0<\/TD><\/TR>\n<TR ><TD>17<\/TD><TD>Ronja<\/TD><TD>&#8211;<\/TD><TD>7<\/TD><TD>Elias<\/TD><TD>&frac12;&nbsp;&#8211;&nbsp;&frac12;<\/TD><\/TR>\n<TR ><TD>8<\/TD><TD>Lean<\/TD><TD>&#8211;<\/TD><TD>18<\/TD><TD>Lotta<\/TD><TD>1&nbsp;&#8211;&nbsp;0<\/TD><\/TR>\n<TR ><TD>19<\/TD><TD>Dalina<\/TD><TD>&#8211;<\/TD><TD>9<\/TD><TD>Klas<\/TD><TD>0&nbsp;&#8211;&nbsp;1<\/TD><\/TR>\n<TR ><TD>10<\/TD><TD>Bjarne<\/TD><TD>&#8211;<\/TD><TD>20<\/TD><TD>Pascal<\/TD><TD>0&nbsp;&#8211;&nbsp;1<\/TD><\/TR>\n<\/TBODY>\n<\/TABLE>\n<\/details>\n\n\n\n<details class=\"wp-block-details is-layout-flow wp-block-details-is-layout-flow\"><summary>2. Runde<\/summary>\n<TABLE id=\"runde2-leck\" class=\"einzelergebnisse\">\n<THEAD>\n<TR ><TH>TNr<\/TH><TH>Teilnehmer<\/TH><TH>&#8211;<\/TH><TH>TNr<\/TH><TH>Teilnehmer<\/TH><TH>Ergebnis<\/TH><\/TR>\n<\/THEAD>\n<TBODY>\n<TR ><TD>1<\/TD><TD>Robert<\/TD><TD>&#8211;<\/TD><TD>6<\/TD><TD>Jonas<\/TD><TD>&frac12;&nbsp;&#8211;&nbsp;&frac12;<\/TD><\/TR>\n<TR ><TD>3<\/TD><TD>Ben&nbsp;C<\/TD><TD>&#8211;<\/TD><TD>8<\/TD><TD>Lean<\/TD><TD>1&nbsp;&#8211;&nbsp;0<\/TD><\/TR>\n<TR ><TD>9<\/TD><TD>Klas<\/TD><TD>&#8211;<\/TD><TD>4<\/TD><TD>Maksim<\/TD><TD>1&nbsp;&#8211;&nbsp;0<\/TD><\/TR>\n<TR ><TD>5<\/TD><TD>Mikkel<\/TD><TD>&#8211;<\/TD><TD>12<\/TD><TD>Marie<\/TD><TD>1&nbsp;&#8211;&nbsp;0<\/TD><\/TR>\n<TR ><TD>20<\/TD><TD>Pascal<\/TD><TD>&#8211;<\/TD><TD>17<\/TD><TD>Ronja<\/TD><TD>1&nbsp;&#8211;&nbsp;0<\/TD><\/TR>\n<TR ><TD>7<\/TD><TD>Elias<\/TD><TD>&#8211;<\/TD><TD>2<\/TD><TD>Emil<\/TD><TD>1&nbsp;&#8211;&nbsp;0<\/TD><\/TR>\n<TR ><TD>15<\/TD><TD>Len<\/TD><TD>&#8211;<\/TD><TD>10<\/TD><TD>Bjarne<\/TD><TD>1&nbsp;&#8211;&nbsp;0<\/TD><\/TR>\n<TR ><TD>16<\/TD><TD>Lennox<\/TD><TD>&#8211;<\/TD><TD>11<\/TD><TD>Ben&nbsp;R<\/TD><TD>0&nbsp;&#8211;&nbsp;1<\/TD><\/TR>\n<TR ><TD>18<\/TD><TD>Lotta<\/TD><TD>&#8211;<\/TD><TD>13<\/TD><TD>Max<\/TD><TD>&frac12;&nbsp;&#8211;&nbsp;&frac12;<\/TD><\/TR>\n<TR ><TD>14<\/TD><TD>Jack<\/TD><TD>&#8211;<\/TD><TD>19<\/TD><TD>Dalina<\/TD><TD>&frac12;&nbsp;&#8211;&nbsp;&frac12;<\/TD><\/TR>\n<\/TBODY>\n<\/TABLE>\n<\/details>\n\n\n\n<details class=\"wp-block-details is-layout-flow wp-block-details-is-layout-flow\"><summary>3. Runde<\/summary>\n<TABLE id=\"runde3-leck\" class=\"einzelergebnisse\">\n<THEAD>\n<TR ><TH>TNr<\/TH><TH>Teilnehmer<\/TH><TH>&#8211;<\/TH><TH>TNr<\/TH><TH>Teilnehmer<\/TH><TH>Ergebnis<\/TH><\/TR>\n<\/THEAD>\n<TBODY>\n<TR ><TD>9<\/TD><TD>Klas<\/TD><TD>&#8211;<\/TD><TD>3<\/TD><TD>Ben&nbsp;C<\/TD><TD>0&nbsp;&#8211;&nbsp;1<\/TD><\/TR>\n<TR ><TD>20<\/TD><TD>Pascal<\/TD><TD>&#8211;<\/TD><TD>5<\/TD><TD>Mikkel<\/TD><TD>1&nbsp;&#8211;&nbsp;0<\/TD><\/TR>\n<TR ><TD>6<\/TD><TD>Jonas<\/TD><TD>&#8211;<\/TD><TD>7<\/TD><TD>Elias<\/TD><TD>0&nbsp;&#8211;&nbsp;1<\/TD><\/TR>\n<TR ><TD>4<\/TD><TD>Maksim<\/TD><TD>&#8211;<\/TD><TD>1<\/TD><TD>Robert<\/TD><TD>0&nbsp;&#8211;&nbsp;1<\/TD><\/TR>\n<TR ><TD>12<\/TD><TD>Marie<\/TD><TD>&#8211;<\/TD><TD>8<\/TD><TD>Lean<\/TD><TD>0&nbsp;&#8211;&nbsp;1<\/TD><\/TR>\n<TR ><TD>11<\/TD><TD>Ben&nbsp;R<\/TD><TD>&#8211;<\/TD><TD>15<\/TD><TD>Len<\/TD><TD>0&nbsp;&#8211;&nbsp;1<\/TD><\/TR>\n<TR ><TD>13<\/TD><TD>Max<\/TD><TD>&#8211;<\/TD><TD>14<\/TD><TD>Jack<\/TD><TD>1&nbsp;&#8211;&nbsp;0<\/TD><\/TR>\n<TR ><TD>17<\/TD><TD>Ronja<\/TD><TD>&#8211;<\/TD><TD>18<\/TD><TD>Lotta<\/TD><TD>1&nbsp;&#8211;&nbsp;0<\/TD><\/TR>\n<TR ><TD>19<\/TD><TD>Dalina<\/TD><TD>&#8211;<\/TD><TD>10<\/TD><TD>Bjarne<\/TD><TD>0&nbsp;&#8211;&nbsp;1<\/TD><\/TR>\n<TR ><TD>2<\/TD><TD>Emil<\/TD><TD>&#8211;<\/TD><TD>16<\/TD><TD>Lennox<\/TD><TD>0&nbsp;&#8211;&nbsp;1<\/TD><\/TR>\n<\/TBODY>\n<\/TABLE>\n<\/details>\n\n\n\n<details class=\"wp-block-details is-layout-flow wp-block-details-is-layout-flow\"><summary>4. Runde<\/summary>\n<TABLE id=\"runde3-leck\" class=\"einzelergebnisse\">\n<THEAD>\n<TR ><TH>TNr<\/TH><TH>Teilnehmer<\/TH><TH>&#8211;<\/TH><TH>TNr<\/TH><TH>Teilnehmer<\/TH><TH>Ergebnis<\/TH><\/TR>\n<\/THEAD>\n<TBODY>\n<TR ><TD>3<\/TD><TD>Ben&nbsp;C<\/TD><TD>&#8211;<\/TD><TD>20<\/TD><TD>Pascal<\/TD><TD>0&nbsp;&#8211;&nbsp;1<\/TD><\/TR>\n<TR ><TD>1<\/TD><TD>Robert<\/TD><TD>&#8211;<\/TD><TD>7<\/TD><TD>Elias<\/TD><TD>0&nbsp;&#8211;&nbsp;1<\/TD><\/TR>\n<TR ><TD>5<\/TD><TD>Mikkel<\/TD><TD>&#8211;<\/TD><TD>9<\/TD><TD>Klas<\/TD><TD>1&nbsp;&#8211;&nbsp;0<\/TD><\/TR>\n<TR ><TD>8<\/TD><TD>Lean<\/TD><TD>&#8211;<\/TD><TD>15<\/TD><TD>Len<\/TD><TD>1&nbsp;&#8211;&nbsp;0<\/TD><\/TR>\n<TR ><TD>13<\/TD><TD>Max<\/TD><TD>&#8211;<\/TD><TD>6<\/TD><TD>Jonas<\/TD><TD>0&nbsp;&#8211;&nbsp;1<\/TD><\/TR>\n<TR ><TD>12<\/TD><TD>Marie<\/TD><TD>&#8211;<\/TD><TD>17<\/TD><TD>Ronja<\/TD><TD>0&nbsp;&#8211;&nbsp;1<\/TD><\/TR>\n<TR ><TD>16<\/TD><TD>Lennox<\/TD><TD>&#8211;<\/TD><TD>4<\/TD><TD>Maksim<\/TD><TD>0&nbsp;&#8211;&nbsp;1<\/TD><\/TR>\n<TR ><TD>10<\/TD><TD>Bjarne<\/TD><TD>&#8211;<\/TD><TD>11<\/TD><TD>Ben&nbsp;R<\/TD><TD>1&nbsp;&#8211;&nbsp;0<\/TD><\/TR>\n<TR ><TD>18<\/TD><TD>Lotta<\/TD><TD>&#8211;<\/TD><TD>19<\/TD><TD>Dalina<\/TD><TD>1&nbsp;&#8211;&nbsp;0<\/TD><\/TR>\n<TR ><TD>14<\/TD><TD>Jack<\/TD><TD>&#8211;<\/TD><TD>2<\/TD><TD>Emil<\/TD><TD>&frac12;&nbsp;&#8211;&nbsp;&frac12;<\/TD><\/TR><\/TBODY>\n<\/TABLE>\n<\/details>\n\n\n\n<details class=\"wp-block-details is-layout-flow wp-block-details-is-layout-flow\"><summary>5. Runde<\/summary>\n<TABLE id=\"runde3-leck\" class=\"einzelergebnisse\">\n<THEAD>\n<TR ><TH>TNr<\/TH><TH>Teilnehmer<\/TH><TH>&#8211;<\/TH><TH>TNr<\/TH><TH>Teilnehmer<\/TH><TH>Ergebnis<\/TH><\/TR>\n<\/THEAD>\n<TBODY>\n<TR ><TD>7<\/TD><TD>Elias<\/TD><TD>&#8211;<\/TD><TD>20<\/TD><TD>Pascal<\/TD><TD>0&nbsp;&#8211;&nbsp;1<\/TD><\/TR>\n<TR ><TD>5<\/TD><TD>Mikkel<\/TD><TD>&#8211;<\/TD><TD>3<\/TD><TD>Ben&nbsp;C<\/TD><TD>1&nbsp;&#8211;&nbsp;0<\/TD><\/TR>\n<TR ><TD>6<\/TD><TD>Jonas<\/TD><TD>&#8211;<\/TD><TD>8<\/TD><TD>Lean<\/TD><TD>1&nbsp;&#8211;&nbsp;0<\/TD><\/TR>\n<TR ><TD>17<\/TD><TD>Ronja<\/TD><TD>&#8211;<\/TD><TD>1<\/TD><TD>Robert<\/TD><TD>1&nbsp;&#8211;&nbsp;0<\/TD><\/TR>\n<TR ><TD>4<\/TD><TD>Maksim<\/TD><TD>&#8211;<\/TD><TD>10<\/TD><TD>Bjarne<\/TD><TD>0&nbsp;&#8211;&nbsp;1<\/TD><\/TR>\n<TR ><TD>15<\/TD><TD>Len<\/TD><TD>&#8211;<\/TD><TD>9<\/TD><TD>Klas<\/TD><TD>1&nbsp;&#8211;&nbsp;0<\/TD><\/TR>\n<TR ><TD>11<\/TD><TD>Ben&nbsp;R<\/TD><TD>&#8211;<\/TD><TD>13<\/TD><TD>Max<\/TD><TD>1&nbsp;&#8211;&nbsp;0<\/TD><\/TR>\n<TR ><TD>14<\/TD><TD>Jack<\/TD><TD>&#8211;<\/TD><TD>18<\/TD><TD>Lotta<\/TD><TD>1&nbsp;&#8211;&nbsp;0<\/TD><\/TR>\n<TR ><TD>16<\/TD><TD>Lennox<\/TD><TD>&#8211;<\/TD><TD>12<\/TD><TD>Marie<\/TD><TD>1&nbsp;&#8211;&nbsp;0<\/TD><\/TR>\n<TR ><TD>2<\/TD><TD>Emil<\/TD><TD>&#8211;<\/TD><TD>19<\/TD><TD>Dalina<\/TD><TD>1&nbsp;&#8211;&nbsp;0<\/TD><\/TR>\n<\/TBODY>\n<\/TABLE>\n<\/details>\n\n\n\n<details class=\"wp-block-details is-layout-flow wp-block-details-is-layout-flow\"><summary>6. Runde<\/summary>\n<TABLE id=\"runde3-leck\" class=\"einzelergebnisse\">\n<THEAD>\n<TR ><TH>TNr<\/TH><TH>Teilnehmer<\/TH><TH>&#8211;<\/TH><TH>TNr<\/TH><TH>Teilnehmer<\/TH><TH>Ergebnis<\/TH><\/TR>\n<\/THEAD>\n<TBODY>\n<TR ><TD>20<\/TD><TD>Pascal<\/TD><TD>&#8211;<\/TD><TD>6<\/TD><TD>Jonas<\/TD><TD>1&nbsp;&#8211;&nbsp;0<\/TD><\/TR>\n<TR ><TD>7<\/TD><TD>Elias<\/TD><TD>&#8211;<\/TD><TD>5<\/TD><TD>Mikkel<\/TD><TD>0&nbsp;&#8211;&nbsp;1<\/TD><\/TR>\n<TR ><TD>8<\/TD><TD>Lean<\/TD><TD>&#8211;<\/TD><TD>17<\/TD><TD>Ronja<\/TD><TD>1&nbsp;&#8211;&nbsp;0<\/TD><\/TR>\n<TR ><TD>3<\/TD><TD>Ben&nbsp;C<\/TD><TD>&#8211;<\/TD><TD>15<\/TD><TD>Len<\/TD><TD>0&nbsp;&#8211;&nbsp;1<\/TD><\/TR>\n<TR ><TD>10<\/TD><TD>Bjarne<\/TD><TD>&#8211;<\/TD><TD>1<\/TD><TD>Robert<\/TD><TD>0&nbsp;&#8211;&nbsp;1<\/TD><\/TR>\n<TR ><TD>11<\/TD><TD>Ben&nbsp;R<\/TD><TD>&#8211;<\/TD><TD>4<\/TD><TD>Maksim<\/TD><TD>1&nbsp;&#8211;&nbsp;0<\/TD><\/TR>\n<TR ><TD>9<\/TD><TD>Klas<\/TD><TD>&#8211;<\/TD><TD>14<\/TD><TD>Jack<\/TD><TD>1&nbsp;&#8211;&nbsp;0<\/TD><\/TR>\n<TR ><TD>13<\/TD><TD>Max<\/TD><TD>&#8211;<\/TD><TD>16<\/TD><TD>Lennox<\/TD><TD>0&nbsp;&#8211;&nbsp;1<\/TD><\/TR>\n<TR ><TD>18<\/TD><TD>Lotta<\/TD><TD>&#8211;<\/TD><TD>2<\/TD><TD>Emil<\/TD><TD>0&nbsp;&#8211;&nbsp;1<\/TD><\/TR>\n<TR ><TD>19<\/TD><TD>Dalina<\/TD><TD>&#8211;<\/TD><TD>12<\/TD><TD>Marie<\/TD><TD>0&nbsp;&#8211;&nbsp;1<\/TD><\/TR>\n<\/TBODY>\n<\/TABLE>\n<\/details>\n\n\n\n<details class=\"wp-block-details is-layout-flow wp-block-details-is-layout-flow\"><summary>7. Runde<\/summary>\n<TABLE id=\"runde3-leck\" class=\"einzelergebnisse\">\n<THEAD>\n<TR ><TH>TNr<\/TH><TH>Teilnehmer<\/TH><TH>&#8211;<\/TH><TH>TNr<\/TH><TH>Teilnehmer<\/TH><TH>Ergebnis<\/TH><\/TR>\n<\/THEAD>\n<TBODY>\n<TR ><TD>15<\/TD><TD>Len<\/TD><TD>&#8211;<\/TD><TD>20<\/TD><TD>Pascal<\/TD><TD>0&nbsp;&#8211;&nbsp;1<\/TD><\/TR>\n<TR ><TD>5<\/TD><TD>Mikkel<\/TD><TD>&#8211;<\/TD><TD>8<\/TD><TD>Lean<\/TD><TD>1&nbsp;&#8211;&nbsp;0<\/TD><\/TR>\n<TR ><TD>6<\/TD><TD>Jonas<\/TD><TD>&#8211;<\/TD><TD>17<\/TD><TD>Ronja<\/TD><TD>1&nbsp;&#8211;&nbsp;0<\/TD><\/TR>\n<TR ><TD>1<\/TD><TD>Robert<\/TD><TD>&#8211;<\/TD><TD>3<\/TD><TD>Ben&nbsp;C<\/TD><TD>1&nbsp;&#8211;&nbsp;0<\/TD><\/TR>\n<TR ><TD>9<\/TD><TD>Klas<\/TD><TD>&#8211;<\/TD><TD>7<\/TD><TD>Elias<\/TD><TD>1&nbsp;&#8211;&nbsp;0<\/TD><\/TR>\n<TR ><TD>16<\/TD><TD>Lennox<\/TD><TD>&#8211;<\/TD><TD>10<\/TD><TD>Bjarne<\/TD><TD>0&nbsp;&#8211;&nbsp;1<\/TD><\/TR>\n<TR ><TD>2<\/TD><TD>Emil<\/TD><TD>&#8211;<\/TD><TD>11<\/TD><TD>Ben&nbsp;R<\/TD><TD>0&nbsp;&#8211;&nbsp;1<\/TD><\/TR>\n<TR ><TD>12<\/TD><TD>Marie<\/TD><TD>&#8211;<\/TD><TD>14<\/TD><TD>Jack<\/TD><TD>&frac12;&nbsp;&#8211;&nbsp;&frac12;<\/TD><\/TR>\n<TR ><TD>4<\/TD><TD>Maksim<\/TD><TD>&#8211;<\/TD><TD>18<\/TD><TD>Lotta<\/TD><TD>1&nbsp;&#8211;&nbsp;0<\/TD><\/TR>\n<TR ><TD>19<\/TD><TD>Dalina<\/TD><TD>&#8211;<\/TD><TD>13<\/TD><TD>Max<\/TD><TD>&frac12;&nbsp;&#8211;&nbsp;&frac12;<\/TD><\/TR>\n<\/TBODY>\n<\/TABLE>\n<\/details>\n\n\n\n<h1>&nbsp;<\/h1>\n<h1 style=\"text-align: center;\">Impressionen<\/h1>\n\n\n\n<figure class=\"wp-block-gallery has-nested-images columns-default is-cropped wp-block-gallery-1 is-layout-flex wp-block-gallery-is-layout-flex\">\n<figure class=\"wp-block-image size-large\"><a href=\"https:\/\/www.schachbezirk-nord.de\/wp-content\/uploads\/2026\/02\/PXL_20260228_091721726.MP_-scaled.jpg\"><img loading=\"lazy\" decoding=\"async\" width=\"1024\" height=\"771\" data-id=\"2071\" src=\"https:\/\/www.schachbezirk-nord.de\/wp-content\/uploads\/2026\/02\/PXL_20260228_091721726.MP_-1024x771.jpg\" alt=\"\" class=\"wp-image-2071\" srcset=\"https:\/\/www.schachbezirk-nord.de\/wp-content\/uploads\/2026\/02\/PXL_20260228_091721726.MP_-1024x771.jpg 1024w, https:\/\/www.schachbezirk-nord.de\/wp-content\/uploads\/2026\/02\/PXL_20260228_091721726.MP_-300x226.jpg 300w, https:\/\/www.schachbezirk-nord.de\/wp-content\/uploads\/2026\/02\/PXL_20260228_091721726.MP_-768x578.jpg 768w, https:\/\/www.schachbezirk-nord.de\/wp-content\/uploads\/2026\/02\/PXL_20260228_091721726.MP_-1536x1157.jpg 1536w, https:\/\/www.schachbezirk-nord.de\/wp-content\/uploads\/2026\/02\/PXL_20260228_091721726.MP_-2048x1542.jpg 2048w\" sizes=\"auto, (max-width: 1024px) 100vw, 1024px\" \/><\/a><\/figure>\n\n\n\n<figure class=\"wp-block-image size-large\"><a href=\"https:\/\/www.schachbezirk-nord.de\/wp-content\/uploads\/2026\/02\/PXL_20260228_102446971-1-scaled.jpg\"><img loading=\"lazy\" decoding=\"async\" width=\"771\" height=\"1024\" data-id=\"2069\" src=\"https:\/\/www.schachbezirk-nord.de\/wp-content\/uploads\/2026\/02\/PXL_20260228_102446971-1-771x1024.jpg\" alt=\"\" class=\"wp-image-2069\" srcset=\"https:\/\/www.schachbezirk-nord.de\/wp-content\/uploads\/2026\/02\/PXL_20260228_102446971-1-771x1024.jpg 771w, https:\/\/www.schachbezirk-nord.de\/wp-content\/uploads\/2026\/02\/PXL_20260228_102446971-1-226x300.jpg 226w, https:\/\/www.schachbezirk-nord.de\/wp-content\/uploads\/2026\/02\/PXL_20260228_102446971-1-768x1020.jpg 768w, https:\/\/www.schachbezirk-nord.de\/wp-content\/uploads\/2026\/02\/PXL_20260228_102446971-1-1157x1536.jpg 1157w, https:\/\/www.schachbezirk-nord.de\/wp-content\/uploads\/2026\/02\/PXL_20260228_102446971-1-1542x2048.jpg 1542w, https:\/\/www.schachbezirk-nord.de\/wp-content\/uploads\/2026\/02\/PXL_20260228_102446971-1-scaled.jpg 1928w\" sizes=\"auto, (max-width: 771px) 100vw, 771px\" \/><\/a><\/figure>\n\n\n\n<figure class=\"wp-block-image size-large\"><a href=\"https:\/\/www.schachbezirk-nord.de\/wp-content\/uploads\/2026\/02\/PXL_20260228_092009924.MP_-scaled.jpg\"><img loading=\"lazy\" decoding=\"async\" width=\"771\" height=\"1024\" data-id=\"2070\" src=\"https:\/\/www.schachbezirk-nord.de\/wp-content\/uploads\/2026\/02\/PXL_20260228_092009924.MP_-771x1024.jpg\" alt=\"\" class=\"wp-image-2070\" srcset=\"https:\/\/www.schachbezirk-nord.de\/wp-content\/uploads\/2026\/02\/PXL_20260228_092009924.MP_-771x1024.jpg 771w, https:\/\/www.schachbezirk-nord.de\/wp-content\/uploads\/2026\/02\/PXL_20260228_092009924.MP_-226x300.jpg 226w, https:\/\/www.schachbezirk-nord.de\/wp-content\/uploads\/2026\/02\/PXL_20260228_092009924.MP_-768x1020.jpg 768w, https:\/\/www.schachbezirk-nord.de\/wp-content\/uploads\/2026\/02\/PXL_20260228_092009924.MP_-1157x1536.jpg 1157w, https:\/\/www.schachbezirk-nord.de\/wp-content\/uploads\/2026\/02\/PXL_20260228_092009924.MP_-1542x2048.jpg 1542w, https:\/\/www.schachbezirk-nord.de\/wp-content\/uploads\/2026\/02\/PXL_20260228_092009924.MP_-scaled.jpg 1928w\" sizes=\"auto, (max-width: 771px) 100vw, 771px\" \/><\/a><\/figure>\n<\/figure>\n","protected":false},"excerpt":{"rendered":"<p>Der Spieltag Am Sonnabend, den 28. Februar, trug Henning G\u00f6mer f\u00fcr den MTV Leck als Gastgeber die zweite Runde des Jugendgrandprix\u2019 aus. Dieses Mal nahmen auch Spieler aus Nieb\u00fcll und Tondern teil, so dass insgesamt 20 Nachwuchs\u201eschacherinnen\u201c und -\u201eschacher\u201c zusammenkamen, von denen immerhin sieben \u201eWiederholungst\u00e4ter\u201c waren. Zahlenm\u00e4\u00dfig war die Klasse der U10 besonders stark vertreten.Einen <a href='https:\/\/www.schachbezirk-nord.de\/?page_id=2058' class='excerpt-more'>[&#8230;]<\/a><\/p>\n","protected":false},"author":1,"featured_media":0,"parent":1719,"menu_order":0,"comment_status":"closed","ping_status":"closed","template":"","meta":{"_crdt_document":"","footnotes":""},"class_list":["post-2058","page","type-page","status-publish","hentry","post-seq-1","post-parity-odd","meta-position-corners","fix"],"_links":{"self":[{"href":"https:\/\/www.schachbezirk-nord.de\/index.php?rest_route=\/wp\/v2\/pages\/2058","targetHints":{"allow":["GET"]}}],"collection":[{"href":"https:\/\/www.schachbezirk-nord.de\/index.php?rest_route=\/wp\/v2\/pages"}],"about":[{"href":"https:\/\/www.schachbezirk-nord.de\/index.php?rest_route=\/wp\/v2\/types\/page"}],"author":[{"embeddable":true,"href":"https:\/\/www.schachbezirk-nord.de\/index.php?rest_route=\/wp\/v2\/users\/1"}],"replies":[{"embeddable":true,"href":"https:\/\/www.schachbezirk-nord.de\/index.php?rest_route=%2Fwp%2Fv2%2Fcomments&post=2058"}],"version-history":[{"count":20,"href":"https:\/\/www.schachbezirk-nord.de\/index.php?rest_route=\/wp\/v2\/pages\/2058\/revisions"}],"predecessor-version":[{"id":2173,"href":"https:\/\/www.schachbezirk-nord.de\/index.php?rest_route=\/wp\/v2\/pages\/2058\/revisions\/2173"}],"up":[{"embeddable":true,"href":"https:\/\/www.schachbezirk-nord.de\/index.php?rest_route=\/wp\/v2\/pages\/1719"}],"wp:attachment":[{"href":"https:\/\/www.schachbezirk-nord.de\/index.php?rest_route=%2Fwp%2Fv2%2Fmedia&parent=2058"}],"curies":[{"name":"wp","href":"https:\/\/api.w.org\/{rel}","templated":true}]}}